{"id":431,"date":"2018-12-02T22:42:46","date_gmt":"2018-12-02T22:42:46","guid":{"rendered":"http:\/\/puertoandco.com\/?page_id=431"},"modified":"2020-01-24T19:06:28","modified_gmt":"2020-01-24T19:06:28","slug":"about","status":"publish","type":"page","link":"https:\/\/puertoandco.com\/es\/about\/","title":{"rendered":"About"},"content":{"rendered":"<div data-elementor-type=\"wp-post\" data-elementor-id=\"431\" class=\"elementor elementor-431\" data-elementor-post-type=\"page\">\n\t\t\t\t\t\t<section class=\"elementor-section elementor-top-section elementor-element elementor-element-060bb3c elementor-section-height-min-height elementor-section-content-middle elementor-section-boxed elementor-section-height-default elementor-section-items-middle\" data-id=\"060bb3c\" data-element_type=\"section\" data-settings=\"{&quot;background_background&quot;:&quot;classic&quot;}\">\n\t\t\t\t\t\t\t<div class=\"elementor-background-overlay\"><\/div>\n\t\t\t\t\t\t\t<div class=\"elementor-container elementor-column-gap-no\">\n\t\t\t\t\t<div class=\"elementor-column elementor-col-100 elementor-top-column elementor-element elementor-element-f1247dc\" data-id=\"f1247dc\" data-element_type=\"column\" data-settings=\"{&quot;background_background&quot;:&quot;classic&quot;}\">\n\t\t\t<div class=\"elementor-widget-wrap elementor-element-populated\">\n\t\t\t\t\t<div class=\"elementor-background-overlay\"><\/div>\n\t\t\t\t\t\t<div class=\"elementor-element elementor-element-294c798 elementor-widget elementor-widget-heading\" data-id=\"294c798\" data-element_type=\"widget\" data-widget_type=\"heading.default\">\n\t\t\t\t<div class=\"elementor-widget-container\">\n\t\t\t\t\t<h1 class=\"elementor-heading-title elementor-size-default\">Quienes Somos<\/h1>\t\t\t\t<\/div>\n\t\t\t\t<\/div>\n\t\t\t\t<div class=\"elementor-element elementor-element-192be27 elementor-widget elementor-widget-text-editor\" data-id=\"192be27\" data-element_type=\"widget\" data-widget_type=\"text-editor.default\">\n\t\t\t\t<div class=\"elementor-widget-container\">\n\t\t\t\t\t\t\t\t\tPuerto&amp;Co abri\u00f3 oficialmente el 12 de noviembre de 2018.<br>Fue inaugurado con el objetivo de tener un impacto positivo en el \u00e1rea.\t\t\t\t\t\t\t\t<\/div>\n\t\t\t\t<\/div>\n\t\t\t\t\t<\/div>\n\t\t<\/div>\n\t\t\t\t\t<\/div>\n\t\t<\/section>\n\t\t\t\t<section class=\"elementor-section elementor-top-section elementor-element elementor-element-33cfda1f elementor-section-full_width elementor-section-content-middle elementor-section-height-default elementor-section-height-default\" data-id=\"33cfda1f\" data-element_type=\"section\">\n\t\t\t\t\t\t<div class=\"elementor-container elementor-column-gap-no\">\n\t\t\t\t\t<div class=\"elementor-column elementor-col-33 elementor-top-column elementor-element elementor-element-65c93f35\" data-id=\"65c93f35\" data-element_type=\"column\">\n\t\t\t<div class=\"elementor-widget-wrap elementor-element-populated\">\n\t\t\t\t\t\t<div class=\"elementor-element elementor-element-78c5483e elementor-widget elementor-widget-text-editor\" data-id=\"78c5483e\" data-element_type=\"widget\" data-widget_type=\"text-editor.default\">\n\t\t\t\t<div class=\"elementor-widget-container\">\n\t\t\t\t\t\t\t\t\t<p>Nuestra Historia<\/p>\t\t\t\t\t\t\t\t<\/div>\n\t\t\t\t<\/div>\n\t\t\t\t<div class=\"elementor-element elementor-element-1e5cb8a elementor-widget elementor-widget-heading\" data-id=\"1e5cb8a\" data-element_type=\"widget\" data-widget_type=\"heading.default\">\n\t\t\t\t<div class=\"elementor-widget-container\">\n\t\t\t\t\t<h3 class=\"elementor-heading-title elementor-size-default\">Acerca de la marca<\/h3>\t\t\t\t<\/div>\n\t\t\t\t<\/div>\n\t\t\t\t<div class=\"elementor-element elementor-element-2a8ca72 elementor-widget-divider--view-line elementor-widget elementor-widget-divider\" data-id=\"2a8ca72\" data-element_type=\"widget\" data-widget_type=\"divider.default\">\n\t\t\t\t<div class=\"elementor-widget-container\">\n\t\t\t\t\t\t\t<div class=\"elementor-divider\">\n\t\t\t<span class=\"elementor-divider-separator\">\n\t\t\t\t\t\t<\/span>\n\t\t<\/div>\n\t\t\t\t\t\t<\/div>\n\t\t\t\t<\/div>\n\t\t\t\t\t<\/div>\n\t\t<\/div>\n\t\t\t\t<div class=\"elementor-column elementor-col-33 elementor-top-column elementor-element elementor-element-8a87783\" data-id=\"8a87783\" data-element_type=\"column\">\n\t\t\t<div class=\"elementor-widget-wrap elementor-element-populated\">\n\t\t\t\t\t\t<div class=\"elementor-element elementor-element-7709c47f elementor-widget elementor-widget-text-editor\" data-id=\"7709c47f\" data-element_type=\"widget\" data-widget_type=\"text-editor.default\">\n\t\t\t\t<div class=\"elementor-widget-container\">\n\t\t\t\t\t\t\t\t\t<p>Despu\u00e9s de pasar unos meses en Puerto Viejo, nos dimos cuenta de que muchas personas ten\u00edan problemas con Internet disponible en la ciudad. Puerto Viejo es un lugar hermoso, pero debido a su pobre infraestructura, muchos n\u00f3madas digitales no vienen. Con Puerto &amp; Co traemos una soluci\u00f3n al problema con nuestra l\u00ednea premium de fibra \u00f3ptica. Pero Puerto &amp; Co es m\u00e1s que un simple espacio de <a href=\"http:\/\/puertoandco.com\/es\/coworking\/\">coworking<\/a>&#8230;\u00a0<\/p><p>Cuando comenzamos a intercambiar ideas sobre lo que realmente quer\u00edamos, acordamos que era importante traer un cambio positivo al \u00e1rea y no simplemente ser otro negocio. Nuestro enfoque principal es reducir tanto como podamos nuestra huella ecol\u00f3gica e inspirar a otros a hacer lo mismo. Para eso, hemos decidido incorporar un <a href=\"http:\/\/puertoandco.com\/es\/vegan-cafe\/\">caf\u00e9 a base de plantas<\/a> \u00bfPor qu\u00e9 a base de plantas? Una dieta basada en plantas es una de las formas <a href=\"https:\/\/www.independent.co.uk\/life-style\/health-and-families\/veganism-environmental-impact-planet-reduced-plant-based-diet-humans-study-a8378631.html\" target=\"_blank\" rel=\"noopener\">m\u00e1s importantes de reducir nuestro impacto ambiental<\/a> en el planeta. Tambi\u00e9n intentamos, siempre que sea posible, comprar productos locales y org\u00e1nicos.<\/p><p class=\"translation-block\">Otro medio para tener un impacto positivo es ofreciendo <a href=\"http:\/\/puertoandco.com\/es\/workshops-and-events\/\" target=\"_self\">talleres<\/a> y a trav\u00e9s de la educaci\u00f3n. El consumo de pl\u00e1stico en el \u00e1rea es bastante alto y los supermercados siempre dan bolsas de pl\u00e1stico. Al educar a las personas sobre el impacto que pueden tener y el da\u00f1o que puede causar el pl\u00e1stico, podemos reducir la huella local.<\/p>\t\t\t\t\t\t\t\t<\/div>\n\t\t\t\t<\/div>\n\t\t\t\t\t<\/div>\n\t\t<\/div>\n\t\t\t\t<div class=\"elementor-column elementor-col-33 elementor-top-column elementor-element elementor-element-48a34894\" data-id=\"48a34894\" data-element_type=\"column\">\n\t\t\t<div class=\"elementor-widget-wrap elementor-element-populated\">\n\t\t\t\t\t\t<div class=\"elementor-element elementor-element-5c530109 elementor-widget elementor-widget-image\" data-id=\"5c530109\" data-element_type=\"widget\" data-widget_type=\"image.default\">\n\t\t\t\t<div class=\"elementor-widget-container\">\n\t\t\t\t\t\t\t\t\t\t\t\t\t\t\t<img fetchpriority=\"high\" decoding=\"async\" width=\"1024\" height=\"1280\" src=\"https:\/\/puertoandco.com\/wp-content\/uploads\/2018\/12\/puerto-viejo.jpg\" class=\"attachment-full size-full wp-image-437\" alt=\"Puerto&amp;Co - coworking space and vegan cafe\" srcset=\"https:\/\/puertoandco.com\/wp-content\/uploads\/2018\/12\/puerto-viejo.jpg 1024w, https:\/\/puertoandco.com\/wp-content\/uploads\/2018\/12\/puerto-viejo-240x300.jpg 240w, https:\/\/puertoandco.com\/wp-content\/uploads\/2018\/12\/puerto-viejo-768x960.jpg 768w, https:\/\/puertoandco.com\/wp-content\/uploads\/2018\/12\/puerto-viejo-819x1024.jpg 819w\" sizes=\"(max-width: 1024px) 100vw, 1024px\" \/>\t\t\t\t\t\t\t\t\t\t\t\t\t\t\t<\/div>\n\t\t\t\t<\/div>\n\t\t\t\t\t<\/div>\n\t\t<\/div>\n\t\t\t\t\t<\/div>\n\t\t<\/section>\n\t\t\t\t<section class=\"elementor-section elementor-top-section elementor-element elementor-element-7501375b elementor-section-content-middle elementor-section-boxed elementor-section-height-default elementor-section-height-default\" data-id=\"7501375b\" data-element_type=\"section\" data-settings=\"{&quot;background_background&quot;:&quot;gradient&quot;}\">\n\t\t\t\t\t\t<div class=\"elementor-container elementor-column-gap-no\">\n\t\t\t\t\t<div class=\"elementor-column elementor-col-100 elementor-top-column elementor-element elementor-element-596f60e0\" data-id=\"596f60e0\" data-element_type=\"column\">\n\t\t\t<div class=\"elementor-widget-wrap elementor-element-populated\">\n\t\t\t\t\t\t<div class=\"elementor-element elementor-element-45b23821 elementor-widget elementor-widget-testimonial\" data-id=\"45b23821\" data-element_type=\"widget\" data-widget_type=\"testimonial.default\">\n\t\t\t\t<div class=\"elementor-widget-container\">\n\t\t\t\t\t\t\t<div class=\"elementor-testimonial-wrapper\">\n\t\t\t\t\t\t\t<div class=\"elementor-testimonial-content\">\"Nothing will benefit health or increase chances of survival on earth as the evolution to a vegetarian diet.\"<\/div>\n\t\t\t\n\t\t\t\t\t\t<div class=\"elementor-testimonial-meta elementor-has-image elementor-testimonial-image-position-aside\">\n\t\t\t\t<div class=\"elementor-testimonial-meta-inner\">\n\t\t\t\t\t\t\t\t\t\t\t<div class=\"elementor-testimonial-image\">\n\t\t\t\t\t\t\t<img decoding=\"async\" src=\"https:\/\/puertoandco.com\/wp-content\/uploads\/2018\/12\/220px-Albert_Einstein_Head.jpg\" class=\"attachment-full size-full wp-image-435\" alt=\"Albert Einstein Quote\" \/>\t\t\t\t\t\t<\/div>\n\t\t\t\t\t\n\t\t\t\t\t\t\t\t\t\t<div class=\"elementor-testimonial-details\">\n\t\t\t\t\t\t\t\t\t\t\t\t\t\t<div class=\"elementor-testimonial-name\">Albert Einstein<\/div>\n\t\t\t\t\t\t\t\t\t\t\t\t\t\t\t\t\t\t\t\t\t\t<div class=\"elementor-testimonial-job\">Physicist<\/div>\n\t\t\t\t\t\t\t\t\t\t\t\t\t<\/div>\n\t\t\t\t\t\t\t\t\t<\/div>\n\t\t\t<\/div>\n\t\t\t\t\t<\/div>\n\t\t\t\t\t\t<\/div>\n\t\t\t\t<\/div>\n\t\t\t\t\t<\/div>\n\t\t<\/div>\n\t\t\t\t\t<\/div>\n\t\t<\/section>\n\t\t\t\t<section class=\"elementor-section elementor-top-section elementor-element elementor-element-2c7865d4 elementor-section-boxed elementor-section-height-default elementor-section-height-default\" data-id=\"2c7865d4\" data-element_type=\"section\">\n\t\t\t\t\t\t<div class=\"elementor-container elementor-column-gap-default\">\n\t\t\t\t\t<div class=\"elementor-column elementor-col-100 elementor-top-column elementor-element elementor-element-68a5d929\" data-id=\"68a5d929\" data-element_type=\"column\">\n\t\t\t<div class=\"elementor-widget-wrap elementor-element-populated\">\n\t\t\t\t\t\t<div class=\"elementor-element elementor-element-32d49d9f elementor-widget elementor-widget-heading\" data-id=\"32d49d9f\" data-element_type=\"widget\" data-widget_type=\"heading.default\">\n\t\t\t\t<div class=\"elementor-widget-container\">\n\t\t\t\t\t<h4 class=\"elementor-heading-title elementor-size-default\">Nuestro Equipo<\/h4>\t\t\t\t<\/div>\n\t\t\t\t<\/div>\n\t\t\t\t\t<\/div>\n\t\t<\/div>\n\t\t\t\t\t<\/div>\n\t\t<\/section>\n\t\t\t\t<section class=\"elementor-section elementor-top-section elementor-element elementor-element-1e89d1bc elementor-section-content-middle elementor-section-boxed elementor-section-height-default elementor-section-height-default\" data-id=\"1e89d1bc\" data-element_type=\"section\">\n\t\t\t\t\t\t<div class=\"elementor-container elementor-column-gap-no\">\n\t\t\t\t\t<div class=\"elementor-column elementor-col-50 elementor-top-column elementor-element elementor-element-4a01dd6b\" data-id=\"4a01dd6b\" data-element_type=\"column\">\n\t\t\t<div class=\"elementor-widget-wrap elementor-element-populated\">\n\t\t\t\t\t\t<div class=\"elementor-element elementor-element-6c724673 elementor-position-top elementor-widget elementor-widget-image-box\" data-id=\"6c724673\" data-element_type=\"widget\" data-widget_type=\"image-box.default\">\n\t\t\t\t<div class=\"elementor-widget-container\">\n\t\t\t\t\t<div class=\"elementor-image-box-wrapper\"><figure class=\"elementor-image-box-img\"><img decoding=\"async\" width=\"150\" height=\"150\" src=\"https:\/\/puertoandco.com\/wp-content\/uploads\/2018\/11\/me-150x150.jpg\" class=\"attachment-thumbnail size-thumbnail wp-image-236\" alt=\"Thomas Kanze\" srcset=\"https:\/\/puertoandco.com\/wp-content\/uploads\/2018\/11\/me-150x150.jpg 150w, https:\/\/puertoandco.com\/wp-content\/uploads\/2018\/11\/me-300x300.jpg 300w, https:\/\/puertoandco.com\/wp-content\/uploads\/2018\/11\/me-768x768.jpg 768w, https:\/\/puertoandco.com\/wp-content\/uploads\/2018\/11\/me.jpg 812w\" sizes=\"(max-width: 150px) 100vw, 150px\" \/><\/figure><div class=\"elementor-image-box-content\"><h3 class=\"elementor-image-box-title\">Thomas Kanze<\/h3><p class=\"elementor-image-box-description\">Cofundador<\/p><\/div><\/div>\t\t\t\t<\/div>\n\t\t\t\t<\/div>\n\t\t\t\t<div class=\"elementor-element elementor-element-35987ff7 elementor-widget elementor-widget-text-editor\" data-id=\"35987ff7\" data-element_type=\"widget\" data-widget_type=\"text-editor.default\">\n\t\t\t\t<div class=\"elementor-widget-container\">\n\t\t\t\t\t\t\t\t\t<p>Web Developer and digital marketer, I struggled with the internet in the area. After meeting Florent, we&#8217;ve realized that a coworking space as well as healthy vegan food option were missing in town! I share my thoughts on <a href=\"https:\/\/thomaskanze.me\">my blog<\/a>.<\/p>\t\t\t\t\t\t\t\t<\/div>\n\t\t\t\t<\/div>\n\t\t\t\t\t<\/div>\n\t\t<\/div>\n\t\t\t\t<div class=\"elementor-column elementor-col-50 elementor-top-column elementor-element elementor-element-25702ce5\" data-id=\"25702ce5\" data-element_type=\"column\">\n\t\t\t<div class=\"elementor-widget-wrap elementor-element-populated\">\n\t\t\t\t\t\t<div class=\"elementor-element elementor-element-3286f16a elementor-position-top elementor-widget elementor-widget-image-box\" data-id=\"3286f16a\" data-element_type=\"widget\" data-widget_type=\"image-box.default\">\n\t\t\t\t<div class=\"elementor-widget-container\">\n\t\t\t\t\t<div class=\"elementor-image-box-wrapper\"><figure class=\"elementor-image-box-img\"><img decoding=\"async\" width=\"150\" height=\"150\" src=\"https:\/\/puertoandco.com\/wp-content\/uploads\/2019\/11\/FLO-of2rghrxl7k7qqglnfu6rf5e9oq9dfm37y86k146a8-150x150.jpg\" class=\"attachment-thumbnail size-thumbnail wp-image-1177\" alt=\"Florent\" srcset=\"https:\/\/puertoandco.com\/wp-content\/uploads\/2019\/11\/FLO-of2rghrxl7k7qqglnfu6rf5e9oq9dfm37y86k146a8-150x150.jpg 150w, https:\/\/puertoandco.com\/wp-content\/uploads\/2019\/11\/FLO-of2rghrxl7k7qqglnfu6rf5e9oq9dfm37y86k146a8.jpg 200w\" sizes=\"(max-width: 150px) 100vw, 150px\" \/><\/figure><div class=\"elementor-image-box-content\"><h3 class=\"elementor-image-box-title\">Florent Roulland<\/h3><p class=\"elementor-image-box-description\">Cofundador<\/p><\/div><\/div>\t\t\t\t<\/div>\n\t\t\t\t<\/div>\n\t\t\t\t<div class=\"elementor-element elementor-element-540a5d0e elementor-widget elementor-widget-text-editor\" data-id=\"540a5d0e\" data-element_type=\"widget\" data-widget_type=\"text-editor.default\">\n\t\t\t\t<div class=\"elementor-widget-container\">\n\t\t\t\t\t\t\t\t\t<p class=\"translation-block\">\u00a1Viajero mundial, decid\u00ed hacer una parada en Puerto Viejo en marzo de 2018 cuando vi este para\u00edso! <br> La oportunidad de la vida me trajo a conocer a Thomas y encontrar el lugar perfecto para comenzar Puerto Co.<\/p>\t\t\t\t\t\t\t\t<\/div>\n\t\t\t\t<\/div>\n\t\t\t\t\t<\/div>\n\t\t<\/div>\n\t\t\t\t\t<\/div>\n\t\t<\/section>\n\t\t\t\t<\/div>","protected":false},"excerpt":{"rendered":"<p>Who We Are Puerto&amp;Co officially opened on the 12th of November 2018.It was opened with the objective of having a positive impact in the area. Our story About the brand After spending a few months in Puerto Viejo we realized that many people had problems with the internet available in town. Puerto Viejo is a [&hellip;]<\/p>","protected":false},"author":1,"featured_media":0,"parent":0,"menu_order":0,"comment_status":"closed","ping_status":"closed","template":"","meta":{"_acf_changed":false,"_seopress_robots_primary_cat":"","_seopress_titles_title":"About Puerto&amp;Co - Who We Are, Our Values, Our Goal","_seopress_titles_desc":"Read more about Puerto&amp;Co and why we decided to open a coworking space and vegan cafe in Puerto Viejo de Talamanca.","_seopress_robots_index":"","site-sidebar-layout":"no-sidebar","site-content-layout":"page-builder","ast-site-content-layout":"default","site-content-style":"default","site-sidebar-style":"default","ast-global-header-display":"","ast-banner-title-visibility":"","ast-main-header-display":"","ast-hfb-above-header-display":"","ast-hfb-below-header-display":"","ast-hfb-mobile-header-display":"","site-post-title":"disabled","ast-breadcrumbs-content":"","ast-featured-img":"disabled","footer-sml-layout":"","ast-disable-related-posts":"","theme-transparent-header-meta":"default","adv-header-id-meta":"","stick-header-meta":"","header-above-stick-meta":"","header-main-stick-meta":"","header-below-stick-meta":"","astra-migrate-meta-layouts":"default","ast-page-background-enabled":"default","ast-page-background-meta":{"desktop":{"background-color":"","background-image":"","background-repeat":"repeat","background-position":"center center","background-size":"auto","background-attachment":"scroll","background-type":"","background-media":"","overlay-type":"","overlay-color":"","overlay-opacity":"","overlay-gradient":""},"tablet":{"background-color":"","background-image":"","background-repeat":"repeat","background-position":"center center","background-size":"auto","background-attachment":"scroll","background-type":"","background-media":"","overlay-type":"","overlay-color":"","overlay-opacity":"","overlay-gradient":""},"mobile":{"background-color":"","background-image":"","background-repeat":"repeat","background-position":"center center","background-size":"auto","background-attachment":"scroll","background-type":"","background-media":"","overlay-type":"","overlay-color":"","overlay-opacity":"","overlay-gradient":""}},"ast-content-background-meta":{"desktop":{"background-color":"var(--ast-global-color-5)","background-image":"","background-repeat":"repeat","background-position":"center center","background-size":"auto","background-attachment":"scroll","background-type":"","background-media":"","overlay-type":"","overlay-color":"","overlay-opacity":"","overlay-gradient":""},"tablet":{"background-color":"var(--ast-global-color-5)","background-image":"","background-repeat":"repeat","background-position":"center center","background-size":"auto","background-attachment":"scroll","background-type":"","background-media":"","overlay-type":"","overlay-color":"","overlay-opacity":"","overlay-gradient":""},"mobile":{"background-color":"var(--ast-global-color-5)","background-image":"","background-repeat":"repeat","background-position":"center center","background-size":"auto","background-attachment":"scroll","background-type":"","background-media":"","overlay-type":"","overlay-color":"","overlay-opacity":"","overlay-gradient":""}},"footnotes":""},"class_list":["post-431","page","type-page","status-publish","hentry"],"acf":[],"_links":{"self":[{"href":"https:\/\/puertoandco.com\/es\/wp-json\/wp\/v2\/pages\/431","targetHints":{"allow":["GET"]}}],"collection":[{"href":"https:\/\/puertoandco.com\/es\/wp-json\/wp\/v2\/pages"}],"about":[{"href":"https:\/\/puertoandco.com\/es\/wp-json\/wp\/v2\/types\/page"}],"author":[{"embeddable":true,"href":"https:\/\/puertoandco.com\/es\/wp-json\/wp\/v2\/users\/1"}],"replies":[{"embeddable":true,"href":"https:\/\/puertoandco.com\/es\/wp-json\/wp\/v2\/comments?post=431"}],"version-history":[{"count":3,"href":"https:\/\/puertoandco.com\/es\/wp-json\/wp\/v2\/pages\/431\/revisions"}],"predecessor-version":[{"id":1182,"href":"https:\/\/puertoandco.com\/es\/wp-json\/wp\/v2\/pages\/431\/revisions\/1182"}],"wp:attachment":[{"href":"https:\/\/puertoandco.com\/es\/wp-json\/wp\/v2\/media?parent=431"}],"curies":[{"name":"wp","href":"https:\/\/api.w.org\/{rel}","templated":true}]}}