{"id":679,"date":"2019-01-21T17:04:19","date_gmt":"2019-01-21T17:04:19","guid":{"rendered":"http:\/\/puertoandco.com\/?page_id=679"},"modified":"2021-12-24T17:25:56","modified_gmt":"2021-12-24T17:25:56","slug":"workshops-and-events","status":"publish","type":"page","link":"https:\/\/puertoandco.com\/es\/workshops-and-events\/","title":{"rendered":"Talleres y Eventos"},"content":{"rendered":"<div data-elementor-type=\"wp-post\" data-elementor-id=\"679\" class=\"elementor elementor-679\" data-elementor-post-type=\"page\">\n\t\t\t\t\t\t<section class=\"elementor-section elementor-top-section elementor-element elementor-element-77e09f7 elementor-section-height-min-height elementor-section-content-middle elementor-section-boxed elementor-section-height-default elementor-section-items-middle\" data-id=\"77e09f7\" data-element_type=\"section\" data-settings=\"{&quot;background_background&quot;:&quot;classic&quot;}\">\n\t\t\t\t\t\t\t<div class=\"elementor-background-overlay\"><\/div>\n\t\t\t\t\t\t\t<div class=\"elementor-container elementor-column-gap-no\">\n\t\t\t\t\t<div class=\"elementor-column elementor-col-100 elementor-top-column elementor-element elementor-element-4c75105\" data-id=\"4c75105\" data-element_type=\"column\" data-settings=\"{&quot;background_background&quot;:&quot;classic&quot;}\">\n\t\t\t<div class=\"elementor-widget-wrap elementor-element-populated\">\n\t\t\t\t\t<div class=\"elementor-background-overlay\"><\/div>\n\t\t\t\t\t\t<div class=\"elementor-element elementor-element-cc5e6fe elementor-widget elementor-widget-heading\" data-id=\"cc5e6fe\" data-element_type=\"widget\" data-widget_type=\"heading.default\">\n\t\t\t\t<div class=\"elementor-widget-container\">\n\t\t\t\t\t<h1 class=\"elementor-heading-title elementor-size-default\">Talleres y Eventos<\/h1>\t\t\t\t<\/div>\n\t\t\t\t<\/div>\n\t\t\t\t<div class=\"elementor-element elementor-element-3786576 elementor-widget elementor-widget-text-editor\" data-id=\"3786576\" data-element_type=\"widget\" data-widget_type=\"text-editor.default\">\n\t\t\t\t<div class=\"elementor-widget-container\">\n\t\t\t\t\t\t\t\t\t<p><span style=\"font-size: 16px; font-style: normal; font-weight: 400;\">En Puerto&amp;Co ofrecemos las instalaciones para organizar talleres y eventos.<\/span><br \/><span style=\"font-size: 16px; font-style: normal; font-weight: 400;\">Tambi\u00e9n organizamos eventos que est\u00e1n en l\u00ednea con nuestros valores.<\/span><\/p>\t\t\t\t\t\t\t\t<\/div>\n\t\t\t\t<\/div>\n\t\t\t\t\t<\/div>\n\t\t<\/div>\n\t\t\t\t\t<\/div>\n\t\t<\/section>\n\t\t\t\t<section class=\"elementor-section elementor-top-section elementor-element elementor-element-ec28c22 elementor-section-full_width elementor-section-height-default elementor-section-height-default\" data-id=\"ec28c22\" data-element_type=\"section\">\n\t\t\t\t\t\t<div class=\"elementor-container elementor-column-gap-default\">\n\t\t\t\t\t<div class=\"elementor-column elementor-col-100 elementor-top-column elementor-element elementor-element-ebe5a46\" data-id=\"ebe5a46\" data-element_type=\"column\" data-settings=\"{&quot;background_background&quot;:&quot;classic&quot;}\">\n\t\t\t<div class=\"elementor-widget-wrap elementor-element-populated\">\n\t\t\t\t\t\t<div class=\"elementor-element elementor-element-a6f5c4c elementor-widget elementor-widget-heading\" data-id=\"a6f5c4c\" data-element_type=\"widget\" data-widget_type=\"heading.default\">\n\t\t\t\t<div class=\"elementor-widget-container\">\n\t\t\t\t\t<h2 class=\"elementor-heading-title elementor-size-default\">Una Comunidad<\/h2>\t\t\t\t<\/div>\n\t\t\t\t<\/div>\n\t\t\t\t<div class=\"elementor-element elementor-element-0aa3d8f elementor-widget elementor-widget-text-editor\" data-id=\"0aa3d8f\" data-element_type=\"widget\" data-widget_type=\"text-editor.default\">\n\t\t\t\t<div class=\"elementor-widget-container\">\n\t\t\t\t\t\t\t\t\t<p>Cuando llegamos a Puerto Viejo, inmediatamente nos enamoramos de la zona, la gente y el ambiente.<\/p><p>Hay muchas personas interesantes viviendo aqu\u00ed. Podr\u00edas pasar el d\u00eda hablando con la gente y aprendiendo cosas.<\/p><p class=\"translation-block\">Sin embargo, una cosa que nos falt\u00f3 fue una ubicaci\u00f3n central para eventos y talleres comunitarios. Claro, existe el mercado, pero solo es una vez a la semana y tiene un tiempo limitado.<\/p><p><span style=\"font-size: 16px;\">La idea de utilizar el espacio para eventos comunitarios surgi\u00f3 de forma natural como resultado de esta frustraci\u00f3n.<\/span><\/p><p><span style=\"font-size: 16px;\">Nuestra idea detr\u00e1s de esos eventos es crear reuniones basadas en un inter\u00e9s compartido. Podr\u00eda ser una pasi\u00f3n por los libros, idiomas o cualquier cosa realmente.<\/span><\/p><p class=\"translation-block\">Siempre estamos abiertos a la idea de nuevas reuniones, por lo que si siente que falta una y desea hacerse cargo, \u00a1<a href=\"http:\/\/puertoandco.com\/es\/contact\/\" target=\"_self\">cont\u00e1ctenos<\/a> y estaremos encantados de discutir!<\/p>\t\t\t\t\t\t\t\t<\/div>\n\t\t\t\t<\/div>\n\t\t\t\t<div class=\"elementor-element elementor-element-9b0a021 elementor-widget elementor-widget-image\" data-id=\"9b0a021\" data-element_type=\"widget\" data-widget_type=\"image.default\">\n\t\t\t\t<div class=\"elementor-widget-container\">\n\t\t\t\t\t\t\t\t\t\t\t\t\t\t\t<img fetchpriority=\"high\" decoding=\"async\" width=\"300\" height=\"200\" src=\"https:\/\/puertoandco.com\/wp-content\/uploads\/2019\/01\/nathan-dumlao-264380-unsplash-300x200.jpg\" class=\"attachment-medium size-medium wp-image-666\" alt=\"Coffee, cake and chat in Puerto Viejo\" srcset=\"https:\/\/puertoandco.com\/wp-content\/uploads\/2019\/01\/nathan-dumlao-264380-unsplash-300x200.jpg 300w, https:\/\/puertoandco.com\/wp-content\/uploads\/2019\/01\/nathan-dumlao-264380-unsplash-768x512.jpg 768w, https:\/\/puertoandco.com\/wp-content\/uploads\/2019\/01\/nathan-dumlao-264380-unsplash-1024x683.jpg 1024w, https:\/\/puertoandco.com\/wp-content\/uploads\/2019\/01\/nathan-dumlao-264380-unsplash.jpg 1536w\" sizes=\"(max-width: 300px) 100vw, 300px\" \/>\t\t\t\t\t\t\t\t\t\t\t\t\t\t\t<\/div>\n\t\t\t\t<\/div>\n\t\t\t\t<div class=\"elementor-element elementor-element-b784ca9 elementor-blockquote--skin-quotation elementor-blockquote--align-center elementor-widget elementor-widget-blockquote\" data-id=\"b784ca9\" data-element_type=\"widget\" data-widget_type=\"blockquote.default\">\n\t\t\t\t<div class=\"elementor-widget-container\">\n\t\t\t\t\t\t\t<blockquote class=\"elementor-blockquote\">\n\t\t\t<p class=\"elementor-blockquote__content\">\n\t\t\t\tTalent wins games, but teamwork and intelligence win championships.\t\t\t<\/p>\n\t\t\t\t\t\t\t<div class=\"e-q-footer\">\n\t\t\t\t\t\t\t\t\t\t\t<cite class=\"elementor-blockquote__author\">Michael Jordan<\/cite>\n\t\t\t\t\t\t\t\t\t\t\t\t\t\t<\/div>\n\t\t\t\t\t<\/blockquote>\n\t\t\t\t\t\t<\/div>\n\t\t\t\t<\/div>\n\t\t\t\t\t<\/div>\n\t\t<\/div>\n\t\t\t\t\t<\/div>\n\t\t<\/section>\n\t\t\t\t<\/div>","protected":false},"excerpt":{"rendered":"<p>Workshops and Events At Puerto&amp;Co we offer the facilities to host workshops and events.We also organize events that are in line with our values. One Community When we arrived to Puerto Viejo, we immediately fell in love with the area, the people and the vibe. There are so many interesting people living here. You could [&hellip;]<\/p>","protected":false},"author":1,"featured_media":0,"parent":0,"menu_order":0,"comment_status":"closed","ping_status":"closed","template":"","meta":{"_acf_changed":false,"_seopress_robots_primary_cat":"","_seopress_titles_title":"Workshops &amp; Events in Puerto Viejo - Puerto&amp;Co","_seopress_titles_desc":"Puerto&amp;Co offers a wide range of workshops and events. Our events cover many different topics, such as self help, ecology, social events and more! ","_seopress_robots_index":"","site-sidebar-layout":"no-sidebar","site-content-layout":"page-builder","ast-site-content-layout":"default","site-content-style":"default","site-sidebar-style":"default","ast-global-header-display":"","ast-banner-title-visibility":"","ast-main-header-display":"","ast-hfb-above-header-display":"","ast-hfb-below-header-display":"","ast-hfb-mobile-header-display":"","site-post-title":"disabled","ast-breadcrumbs-content":"","ast-featured-img":"disabled","footer-sml-layout":"","ast-disable-related-posts":"","theme-transparent-header-meta":"default","adv-header-id-meta":"","stick-header-meta":"","header-above-stick-meta":"","header-main-stick-meta":"","header-below-stick-meta":"","astra-migrate-meta-layouts":"default","ast-page-background-enabled":"default","ast-page-background-meta":{"desktop":{"background-color":"","background-image":"","background-repeat":"repeat","background-position":"center center","background-size":"auto","background-attachment":"scroll","background-type":"","background-media":"","overlay-type":"","overlay-color":"","overlay-opacity":"","overlay-gradient":""},"tablet":{"background-color":"","background-image":"","background-repeat":"repeat","background-position":"center center","background-size":"auto","background-attachment":"scroll","background-type":"","background-media":"","overlay-type":"","overlay-color":"","overlay-opacity":"","overlay-gradient":""},"mobile":{"background-color":"","background-image":"","background-repeat":"repeat","background-position":"center center","background-size":"auto","background-attachment":"scroll","background-type":"","background-media":"","overlay-type":"","overlay-color":"","overlay-opacity":"","overlay-gradient":""}},"ast-content-background-meta":{"desktop":{"background-color":"var(--ast-global-color-5)","background-image":"","background-repeat":"repeat","background-position":"center center","background-size":"auto","background-attachment":"scroll","background-type":"","background-media":"","overlay-type":"","overlay-color":"","overlay-opacity":"","overlay-gradient":""},"tablet":{"background-color":"var(--ast-global-color-5)","background-image":"","background-repeat":"repeat","background-position":"center center","background-size":"auto","background-attachment":"scroll","background-type":"","background-media":"","overlay-type":"","overlay-color":"","overlay-opacity":"","overlay-gradient":""},"mobile":{"background-color":"var(--ast-global-color-5)","background-image":"","background-repeat":"repeat","background-position":"center center","background-size":"auto","background-attachment":"scroll","background-type":"","background-media":"","overlay-type":"","overlay-color":"","overlay-opacity":"","overlay-gradient":""}},"footnotes":""},"class_list":["post-679","page","type-page","status-publish","hentry"],"acf":[],"_links":{"self":[{"href":"https:\/\/puertoandco.com\/es\/wp-json\/wp\/v2\/pages\/679","targetHints":{"allow":["GET"]}}],"collection":[{"href":"https:\/\/puertoandco.com\/es\/wp-json\/wp\/v2\/pages"}],"about":[{"href":"https:\/\/puertoandco.com\/es\/wp-json\/wp\/v2\/types\/page"}],"author":[{"embeddable":true,"href":"https:\/\/puertoandco.com\/es\/wp-json\/wp\/v2\/users\/1"}],"replies":[{"embeddable":true,"href":"https:\/\/puertoandco.com\/es\/wp-json\/wp\/v2\/comments?post=679"}],"version-history":[{"count":7,"href":"https:\/\/puertoandco.com\/es\/wp-json\/wp\/v2\/pages\/679\/revisions"}],"predecessor-version":[{"id":1297,"href":"https:\/\/puertoandco.com\/es\/wp-json\/wp\/v2\/pages\/679\/revisions\/1297"}],"wp:attachment":[{"href":"https:\/\/puertoandco.com\/es\/wp-json\/wp\/v2\/media?parent=679"}],"curies":[{"name":"wp","href":"https:\/\/api.w.org\/{rel}","templated":true}]}}